{"id":2,"date":"2025-01-10T14:06:23","date_gmt":"2025-01-10T13:06:23","guid":{"rendered":"http:\/\/www.livres-erotisme.fr\/?page_id=2"},"modified":"2025-01-10T14:58:46","modified_gmt":"2025-01-10T13:58:46","slug":"page-d-exemple","status":"publish","type":"page","link":"https:\/\/www.livres-erotisme.fr\/","title":{"rendered":"\u00c0 genoux"},"content":{"rendered":"\n<h2 class=\"wp-block-heading\">R\u00e9sum\u00e9<\/h2>\n\n\n\n<p>\u00c9lise, jeune trentenaire sans histoire, d\u00e9cide de s\u2019affranchir de sa vie bien rang\u00e9e pour c\u00e9der \u00e0 l\u2019un de ses fantasmes les plus secrets : se soumettre \u00e0 un Dominant. Derri\u00e8re la fille s\u00e9rieuse et responsable, se cache en r\u00e9alit\u00e9 une femme sensuelle et passionn\u00e9e, bien d\u00e9cid\u00e9e \u00e0 prendre ses d\u00e9sirs en main.<\/p>\n\n\n\n<p>Au fil de son initiation aux plaisirs raffin\u00e9s de la soumission, entre plaisir charnel et emprise psychologique, elle devra faire un choix : d\u00e9sir ou sentiment ? Un choix corn\u00e9lien. Sans compter l\u2019int\u00e9r\u00eat nouveau que lui t\u00e9moigne son coll\u00e8gue, dont le charme pourrait bien faire de l&rsquo;ombre \u00e0 un certain Dominant&#8230;<\/p>\n\n\n\n<h2 class=\"wp-block-heading\">Acheter  \u00ab\u00a0\u00c0 genoux\u00a0\u00bb, le roman BDSM<\/h2>\n\n\n\n<h3 class=\"wp-block-heading\">Acheter sur Kindle (Amazon)<\/h3>\n\n\n\n<p>Livre num\u00e9rique compatible avec une liseuse num\u00e9rique Kindle. <a href=\"https:\/\/www.amazon.fr\/s?i=digital-text&amp;rh=p_27%3ABrune%2BMonroe&amp;s=relevancerank&amp;text=Brune+Monroe&amp;ref=dp_byline_sr_ebooks_1\">Acheter \u00ab\u00a0\u00c0 genoux\u00a0\u00bb sur le site marchand Kindle d&rsquo;Amazon<\/a><\/p>\n\n\n\n<figure class=\"wp-block-image size-full is-resized\"><a href=\"https:\/\/www.amazon.fr\/s?i=digital-text&amp;rh=p_27%3ABrune%2BMonroe&amp;s=relevancerank&amp;text=Brune+Monroe&amp;ref=dp_byline_sr_ebooks_1\" rel=\"Acheter sur Kindle\"><img decoding=\"async\" src=\"data:image\/gif;base64,R0lGODlhAQABAAAAACH5BAEKAAEALAAAAAABAAEAAAICTAEAOw==\" data-layzr=\"http:\/\/www.livres-erotisme.fr\/wp-content\/uploads\/2025\/01\/agenoux-kindle.jpg\" alt=\"\" class=\"wp-image-11\" style=\"width:164px;height:auto\"\/><\/a><\/figure>\n\n\n\n<h3 class=\"wp-block-heading\">Acheter sur Kobo<\/h3>\n\n\n\n<p>Livre num\u00e9rique compatible avec une liseuse Kobo et Kobo by Fnac. <a href=\"https:\/\/www.kobo.com\/fr\/fr\/search?query=brune+monroe&amp;ac=1&amp;acp=brune+monroe&amp;ac.author=brune+monroe&amp;sort=Temperature&amp;fclanguages=fr\">Acheter \u00ab\u00a0\u00c0 genoux\u00a0\u00bb sur le site marchand Kobo.<\/a><\/p>\n\n\n\n<figure class=\"wp-block-image size-full is-resized\"><a href=\"https:\/\/www.kobo.com\/fr\/fr\/search?query=brune+monroe&amp;ac=1&amp;acp=brune+monroe&amp;ac.author=brune+monroe&amp;sort=Temperature&amp;fclanguages=fr\"><img decoding=\"async\" src=\"data:image\/gif;base64,R0lGODlhAQABAAAAACH5BAEKAAEALAAAAAABAAEAAAICTAEAOw==\" data-layzr=\"http:\/\/www.livres-erotisme.fr\/wp-content\/uploads\/2025\/01\/agenoux-kobo.jpg\" alt=\"\" class=\"wp-image-12\" style=\"width:162px;height:auto\"\/><\/a><\/figure>\n\n\n\n<h2 class=\"wp-block-heading\">Notes de l&rsquo;auteur<\/h2>\n\n\n\n<p>Cette histoire est un r\u00e9cit d\u2019apprentissage o\u00f9 l\u2019on suit une femme, assez quelconque, qui se r\u00e9v\u00e8le \u00e0 elle-m\u00eame et aux autres \u00e0 travers l\u2019acte de soumission. Avec \u201c\u00c0 genoux\u201d, j\u2019ai souhait\u00e9 porter le sujet du d\u00e9sir f\u00e9minin et des fantasmes parfois contradictoires qui l\u2019habitent. J\u2019y parle d\u2019\u00e9mancipation, de consentement, de sapio sexualit\u00e9 et bien s\u00fbr, de BDSM, en m\u2019appuyant sur de solides recherches. C\u2019est un r\u00e9cit \u00e9rotique, \u00e9crit par une femme pour les femmes, afin de faire tomber les tabous des plaisirs f\u00e9minins. Forte d\u2019une notori\u00e9t\u00e9 sur Wattpad ayant g\u00e9n\u00e9r\u00e9 475 000 vues en moins d&rsquo;un an sur ce tome 1, j\u2019esp\u00e8re pouvoir d\u00e9passer le cadre du digital pour porter ce succ\u00e8s sur papier et permettre \u00e0 d\u2019autres femmes de s\u2019interroger et d\u2019explorer leurs propres d\u00e9sirs.<\/p>\n\n\n\n<p>La fin de ce roman ouvre la voie \u00e0 un second, \u00e9crit du point de vue de Brice, qui reprend les \u00e9v\u00e9nements l\u00e0 o\u00f9 ils se sont termin\u00e9s dans le tome 1.<\/p>\n","protected":false},"excerpt":{"rendered":"<p>R\u00e9sum\u00e9 \u00c9lise, jeune trentenaire sans histoire, d\u00e9cide de s\u2019affranchir de sa vie bien rang\u00e9e pour c\u00e9der \u00e0 l\u2019un de ses fantasmes les plus secrets : se soumettre \u00e0 un Dominant. Derri\u00e8re la fille s\u00e9rieuse et responsable, se cache en r\u00e9alit\u00e9 une femme sensuelle et passionn\u00e9e, bien d\u00e9cid\u00e9e \u00e0 prendre ses d\u00e9sirs en main. Au fil &hellip; <\/p>\n","protected":false},"author":1,"featured_media":14,"parent":0,"menu_order":0,"comment_status":"closed","ping_status":"open","template":"","meta":{"footnotes":""},"class_list":["post-2","page","type-page","status-publish","has-post-thumbnail","hentry","latest_post"],"yoast_head":"<!-- This site is optimized with the Yoast SEO plugin v24.2 - https:\/\/yoast.com\/wordpress\/plugins\/seo\/ -->\n<title>\u00c0 genoux - Livres \u00e9rotiques BDSM<\/title>\n<meta name=\"robots\" content=\"index, follow, max-snippet:-1, max-image-preview:large, max-video-preview:-1\" \/>\n<link rel=\"canonical\" href=\"https:\/\/www.livres-erotisme.fr\/\" \/>\n<meta property=\"og:locale\" content=\"fr_FR\" \/>\n<meta property=\"og:type\" content=\"article\" \/>\n<meta property=\"og:title\" content=\"\u00c0 genoux - Livres \u00e9rotiques BDSM\" \/>\n<meta property=\"og:description\" content=\"R\u00e9sum\u00e9 \u00c9lise, jeune trentenaire sans histoire, d\u00e9cide de s\u2019affranchir de sa vie bien rang\u00e9e pour c\u00e9der \u00e0 l\u2019un de ses fantasmes les plus secrets : se soumettre \u00e0 un Dominant. Derri\u00e8re la fille s\u00e9rieuse et responsable, se cache en r\u00e9alit\u00e9 une femme sensuelle et passionn\u00e9e, bien d\u00e9cid\u00e9e \u00e0 prendre ses d\u00e9sirs en main. Au fil &hellip;\" \/>\n<meta property=\"og:url\" content=\"https:\/\/www.livres-erotisme.fr\/\" \/>\n<meta property=\"og:site_name\" content=\"Livres \u00e9rotiques BDSM\" \/>\n<meta property=\"article:modified_time\" content=\"2025-01-10T13:58:46+00:00\" \/>\n<meta property=\"og:image\" content=\"https:\/\/www.livres-erotisme.fr\/wp-content\/uploads\/2025\/01\/a-genoux-brune-monroe-livre-erotique-1024x768.png\" \/>\n\t<meta property=\"og:image:width\" content=\"1024\" \/>\n\t<meta property=\"og:image:height\" content=\"768\" \/>\n\t<meta property=\"og:image:type\" content=\"image\/png\" \/>\n<meta name=\"twitter:card\" content=\"summary_large_image\" \/>\n<meta name=\"twitter:label1\" content=\"Dur\u00e9e de lecture estim\u00e9e\" \/>\n\t<meta name=\"twitter:data1\" content=\"2 minutes\" \/>\n<script type=\"application\/ld+json\" class=\"yoast-schema-graph\">{\"@context\":\"https:\/\/schema.org\",\"@graph\":[{\"@type\":\"WebPage\",\"@id\":\"https:\/\/www.livres-erotisme.fr\/\",\"url\":\"https:\/\/www.livres-erotisme.fr\/\",\"name\":\"\u00c0 genoux - Livres \u00e9rotiques BDSM\",\"isPartOf\":{\"@id\":\"https:\/\/www.livres-erotisme.fr\/#website\"},\"primaryImageOfPage\":{\"@id\":\"https:\/\/www.livres-erotisme.fr\/#primaryimage\"},\"image\":{\"@id\":\"https:\/\/www.livres-erotisme.fr\/#primaryimage\"},\"thumbnailUrl\":\"https:\/\/www.livres-erotisme.fr\/wp-content\/uploads\/2025\/01\/a-genoux-brune-monroe-livre-erotique.png\",\"datePublished\":\"2025-01-10T13:06:23+00:00\",\"dateModified\":\"2025-01-10T13:58:46+00:00\",\"breadcrumb\":{\"@id\":\"https:\/\/www.livres-erotisme.fr\/#breadcrumb\"},\"inLanguage\":\"fr-FR\",\"potentialAction\":[{\"@type\":\"ReadAction\",\"target\":[\"https:\/\/www.livres-erotisme.fr\/\"]}]},{\"@type\":\"ImageObject\",\"inLanguage\":\"fr-FR\",\"@id\":\"https:\/\/www.livres-erotisme.fr\/#primaryimage\",\"url\":\"https:\/\/www.livres-erotisme.fr\/wp-content\/uploads\/2025\/01\/a-genoux-brune-monroe-livre-erotique.png\",\"contentUrl\":\"https:\/\/www.livres-erotisme.fr\/wp-content\/uploads\/2025\/01\/a-genoux-brune-monroe-livre-erotique.png\",\"width\":4000,\"height\":3000,\"caption\":\"\\\"\u00c0 genoux\\\", le roman d'\u00e9rotisme BDSM \u00e9crit par Brune Monroe\"},{\"@type\":\"BreadcrumbList\",\"@id\":\"https:\/\/www.livres-erotisme.fr\/#breadcrumb\",\"itemListElement\":[{\"@type\":\"ListItem\",\"position\":1,\"name\":\"Accueil\",\"item\":\"https:\/\/www.livres-erotisme.fr\/\"},{\"@type\":\"ListItem\",\"position\":2,\"name\":\"\u00c0 genoux\"}]},{\"@type\":\"WebSite\",\"@id\":\"https:\/\/www.livres-erotisme.fr\/#website\",\"url\":\"https:\/\/www.livres-erotisme.fr\/\",\"name\":\"Livres \u00e9rotiques BDSM\",\"description\":\"par Brune Monroe\",\"publisher\":{\"@id\":\"https:\/\/www.livres-erotisme.fr\/#\/schema\/person\/cb302599bc2ade51d8664954b89e538d\"},\"potentialAction\":[{\"@type\":\"SearchAction\",\"target\":{\"@type\":\"EntryPoint\",\"urlTemplate\":\"https:\/\/www.livres-erotisme.fr\/?s={search_term_string}\"},\"query-input\":{\"@type\":\"PropertyValueSpecification\",\"valueRequired\":true,\"valueName\":\"search_term_string\"}}],\"inLanguage\":\"fr-FR\"},{\"@type\":[\"Person\",\"Organization\"],\"@id\":\"https:\/\/www.livres-erotisme.fr\/#\/schema\/person\/cb302599bc2ade51d8664954b89e538d\",\"name\":\"Brune Monroe\",\"image\":{\"@type\":\"ImageObject\",\"inLanguage\":\"fr-FR\",\"@id\":\"https:\/\/www.livres-erotisme.fr\/#\/schema\/person\/image\/\",\"url\":\"http:\/\/www.livres-erotisme.fr\/wp-content\/uploads\/2025\/01\/brune-monroe-photo-autrice-BDSM-erostisme.jpg\",\"contentUrl\":\"http:\/\/www.livres-erotisme.fr\/wp-content\/uploads\/2025\/01\/brune-monroe-photo-autrice-BDSM-erostisme.jpg\",\"width\":618,\"height\":618,\"caption\":\"Brune Monroe\"},\"logo\":{\"@id\":\"https:\/\/www.livres-erotisme.fr\/#\/schema\/person\/image\/\"},\"description\":\"Vers\u00e9e dans les pratiques artistiques, Brune Monroe s\u2019est orient\u00e9e tr\u00e8s jeune vers le graphisme dont elle a fait son m\u00e9tier. En parall\u00e8le, elle a toujours entretenu un go\u00fbt prononc\u00e9 pour la litt\u00e9rature, et pour les romances en particulier. Apr\u00e8s avoir \u00e9crit pendant plus de 10 ans sur son blog cuisine, elle pimente d\u00e9sormais des fiction. La premi\u00e8re d\u2019entres elles, \u00ab \u00c0 genoux \u00bb est publi\u00e9e pour la premi\u00e8re fois sur le compte Wattpad de Brune Monroe en 2023 . Elle a conquis plusieurs dizaines de milliers de lecteurs avertis, comptabilisant plus d\u2019un million de vues, avant que Brune d\u00e9cide de le publier en auto-\u00e9dition sur liseuse num\u00e9riques Kindle et Kobo. Trentenaire \u00e9panouie, Brune r\u00e9dige actuellement son troisi\u00e8me roman que vous pouvez retrouver sur son compte Wattpad.\",\"sameAs\":[\"http:\/\/www.livres-erotisme.fr\"]}]}<\/script>\n<!-- \/ Yoast SEO plugin. -->","yoast_head_json":{"title":"\u00c0 genoux - Livres \u00e9rotiques BDSM","robots":{"index":"index","follow":"follow","max-snippet":"max-snippet:-1","max-image-preview":"max-image-preview:large","max-video-preview":"max-video-preview:-1"},"canonical":"https:\/\/www.livres-erotisme.fr\/","og_locale":"fr_FR","og_type":"article","og_title":"\u00c0 genoux - Livres \u00e9rotiques BDSM","og_description":"R\u00e9sum\u00e9 \u00c9lise, jeune trentenaire sans histoire, d\u00e9cide de s\u2019affranchir de sa vie bien rang\u00e9e pour c\u00e9der \u00e0 l\u2019un de ses fantasmes les plus secrets : se soumettre \u00e0 un Dominant. Derri\u00e8re la fille s\u00e9rieuse et responsable, se cache en r\u00e9alit\u00e9 une femme sensuelle et passionn\u00e9e, bien d\u00e9cid\u00e9e \u00e0 prendre ses d\u00e9sirs en main. Au fil &hellip;","og_url":"https:\/\/www.livres-erotisme.fr\/","og_site_name":"Livres \u00e9rotiques BDSM","article_modified_time":"2025-01-10T13:58:46+00:00","og_image":[{"width":1024,"height":768,"url":"https:\/\/www.livres-erotisme.fr\/wp-content\/uploads\/2025\/01\/a-genoux-brune-monroe-livre-erotique-1024x768.png","type":"image\/png"}],"twitter_card":"summary_large_image","twitter_misc":{"Dur\u00e9e de lecture estim\u00e9e":"2 minutes"},"schema":{"@context":"https:\/\/schema.org","@graph":[{"@type":"WebPage","@id":"https:\/\/www.livres-erotisme.fr\/","url":"https:\/\/www.livres-erotisme.fr\/","name":"\u00c0 genoux - Livres \u00e9rotiques BDSM","isPartOf":{"@id":"https:\/\/www.livres-erotisme.fr\/#website"},"primaryImageOfPage":{"@id":"https:\/\/www.livres-erotisme.fr\/#primaryimage"},"image":{"@id":"https:\/\/www.livres-erotisme.fr\/#primaryimage"},"thumbnailUrl":"https:\/\/www.livres-erotisme.fr\/wp-content\/uploads\/2025\/01\/a-genoux-brune-monroe-livre-erotique.png","datePublished":"2025-01-10T13:06:23+00:00","dateModified":"2025-01-10T13:58:46+00:00","breadcrumb":{"@id":"https:\/\/www.livres-erotisme.fr\/#breadcrumb"},"inLanguage":"fr-FR","potentialAction":[{"@type":"ReadAction","target":["https:\/\/www.livres-erotisme.fr\/"]}]},{"@type":"ImageObject","inLanguage":"fr-FR","@id":"https:\/\/www.livres-erotisme.fr\/#primaryimage","url":"https:\/\/www.livres-erotisme.fr\/wp-content\/uploads\/2025\/01\/a-genoux-brune-monroe-livre-erotique.png","contentUrl":"https:\/\/www.livres-erotisme.fr\/wp-content\/uploads\/2025\/01\/a-genoux-brune-monroe-livre-erotique.png","width":4000,"height":3000,"caption":"\"\u00c0 genoux\", le roman d'\u00e9rotisme BDSM \u00e9crit par Brune Monroe"},{"@type":"BreadcrumbList","@id":"https:\/\/www.livres-erotisme.fr\/#breadcrumb","itemListElement":[{"@type":"ListItem","position":1,"name":"Accueil","item":"https:\/\/www.livres-erotisme.fr\/"},{"@type":"ListItem","position":2,"name":"\u00c0 genoux"}]},{"@type":"WebSite","@id":"https:\/\/www.livres-erotisme.fr\/#website","url":"https:\/\/www.livres-erotisme.fr\/","name":"Livres \u00e9rotiques BDSM","description":"par Brune Monroe","publisher":{"@id":"https:\/\/www.livres-erotisme.fr\/#\/schema\/person\/cb302599bc2ade51d8664954b89e538d"},"potentialAction":[{"@type":"SearchAction","target":{"@type":"EntryPoint","urlTemplate":"https:\/\/www.livres-erotisme.fr\/?s={search_term_string}"},"query-input":{"@type":"PropertyValueSpecification","valueRequired":true,"valueName":"search_term_string"}}],"inLanguage":"fr-FR"},{"@type":["Person","Organization"],"@id":"https:\/\/www.livres-erotisme.fr\/#\/schema\/person\/cb302599bc2ade51d8664954b89e538d","name":"Brune Monroe","image":{"@type":"ImageObject","inLanguage":"fr-FR","@id":"https:\/\/www.livres-erotisme.fr\/#\/schema\/person\/image\/","url":"http:\/\/www.livres-erotisme.fr\/wp-content\/uploads\/2025\/01\/brune-monroe-photo-autrice-BDSM-erostisme.jpg","contentUrl":"http:\/\/www.livres-erotisme.fr\/wp-content\/uploads\/2025\/01\/brune-monroe-photo-autrice-BDSM-erostisme.jpg","width":618,"height":618,"caption":"Brune Monroe"},"logo":{"@id":"https:\/\/www.livres-erotisme.fr\/#\/schema\/person\/image\/"},"description":"Vers\u00e9e dans les pratiques artistiques, Brune Monroe s\u2019est orient\u00e9e tr\u00e8s jeune vers le graphisme dont elle a fait son m\u00e9tier. En parall\u00e8le, elle a toujours entretenu un go\u00fbt prononc\u00e9 pour la litt\u00e9rature, et pour les romances en particulier. Apr\u00e8s avoir \u00e9crit pendant plus de 10 ans sur son blog cuisine, elle pimente d\u00e9sormais des fiction. La premi\u00e8re d\u2019entres elles, \u00ab \u00c0 genoux \u00bb est publi\u00e9e pour la premi\u00e8re fois sur le compte Wattpad de Brune Monroe en 2023 . Elle a conquis plusieurs dizaines de milliers de lecteurs avertis, comptabilisant plus d\u2019un million de vues, avant que Brune d\u00e9cide de le publier en auto-\u00e9dition sur liseuse num\u00e9riques Kindle et Kobo. Trentenaire \u00e9panouie, Brune r\u00e9dige actuellement son troisi\u00e8me roman que vous pouvez retrouver sur son compte Wattpad.","sameAs":["http:\/\/www.livres-erotisme.fr"]}]}},"_links":{"self":[{"href":"https:\/\/www.livres-erotisme.fr\/index.php\/wp-json\/wp\/v2\/pages\/2","targetHints":{"allow":["GET"]}}],"collection":[{"href":"https:\/\/www.livres-erotisme.fr\/index.php\/wp-json\/wp\/v2\/pages"}],"about":[{"href":"https:\/\/www.livres-erotisme.fr\/index.php\/wp-json\/wp\/v2\/types\/page"}],"author":[{"embeddable":true,"href":"https:\/\/www.livres-erotisme.fr\/index.php\/wp-json\/wp\/v2\/users\/1"}],"replies":[{"embeddable":true,"href":"https:\/\/www.livres-erotisme.fr\/index.php\/wp-json\/wp\/v2\/comments?post=2"}],"version-history":[{"count":1,"href":"https:\/\/www.livres-erotisme.fr\/index.php\/wp-json\/wp\/v2\/pages\/2\/revisions"}],"predecessor-version":[{"id":13,"href":"https:\/\/www.livres-erotisme.fr\/index.php\/wp-json\/wp\/v2\/pages\/2\/revisions\/13"}],"wp:featuredmedia":[{"embeddable":true,"href":"https:\/\/www.livres-erotisme.fr\/index.php\/wp-json\/wp\/v2\/media\/14"}],"wp:attachment":[{"href":"https:\/\/www.livres-erotisme.fr\/index.php\/wp-json\/wp\/v2\/media?parent=2"}],"curies":[{"name":"wp","href":"https:\/\/api.w.org\/{rel}","templated":true}]}}