{"id":249,"date":"2025-01-17T09:09:36","date_gmt":"2025-01-17T08:09:36","guid":{"rendered":"https:\/\/www.livres-erotisme.fr\/?page_id=249"},"modified":"2025-01-17T09:09:37","modified_gmt":"2025-01-17T08:09:37","slug":"mentions-legales","status":"publish","type":"page","link":"https:\/\/www.livres-erotisme.fr\/index.php\/mentions-legales\/","title":{"rendered":"Mentions l\u00e9gales"},"content":{"rendered":"\n<p>En vigueur au 17\/01\/2025<\/p>\n\n\n\n<p>Conform\u00e9ment aux dispositions de la loi n\u00b02004-575 du 21 juin 2004 pour la Confiance en l\u2019\u00e9conomie num\u00e9rique, il est port\u00e9 \u00e0 la connaissance des utilisateurs et visiteurs, ci-apr\u00e8s l&rsquo; \u00ab\u00a0<strong>Utilisateur<\/strong>\u00ab\u00a0, du site https:\/\/livres-erotisme.fr , ci-apr\u00e8s le \u00ab\u00a0<strong>Site<\/strong>\u00ab\u00a0, les pr\u00e9sentes mentions l\u00e9gales.<\/p>\n\n\n\n<p>La connexion et la navigation sur le Site par l\u2019Utilisateur implique acceptation int\u00e9grale et sans r\u00e9serve des pr\u00e9sentes mentions l\u00e9gales.<\/p>\n\n\n\n<p>Ces derni\u00e8res sont accessibles sur le Site \u00e0 la rubrique \u00ab\u00a0<strong>Mentions l\u00e9gales<\/strong>\u00ab\u00a0.<\/p>\n\n\n\n<h2 class=\"wp-block-heading\">L&rsquo;\u00e9diteur<\/h2>\n\n\n\n<p>L\u2019\u00e9dition et la direction de la publication du Site est assur\u00e9e par Madame Brune Monroe dont l&rsquo;adresse e-mail brunemonroe@gmail.com.<\/p>\n\n\n\n<p>ci-apr\u00e8s l'\u00a0\u00bb<strong>Editeur<\/strong>\u00ab\u00a0.<\/p>\n\n\n\n<h2 class=\"wp-block-heading\">H\u00e9bergeur<\/h2>\n\n\n\n<p>L&rsquo;h\u00e9bergeur du Site est la soci\u00e9t\u00e9 OVH, dont le si\u00e8ge social est situ\u00e9 au\u00a0 2 Rue Kellermann 59100 Roubaix . Le num\u00e9ro de t\u00e9l\u00e9phone de l&rsquo;h\u00e9bergeur est le 0972101007.<\/p>\n\n\n\n<h2 class=\"wp-block-heading\">ACCES AU SITE<\/h2>\n\n\n\n<p>Le Site est normalement accessible, \u00e0 tout moment, \u00e0 l&rsquo;Utilisateur. Toutefois, l&rsquo;Editeur pourra, \u00e0 tout moment, suspendre, limiter ou interrompre le Site afin de proc\u00e9der, notamment, \u00e0 des mises \u00e0 jour ou des modifications de son contenu. L&rsquo;Editeur ne pourra en aucun cas \u00eatre tenu responsable des cons\u00e9quences \u00e9ventuelles de cette indisponibilit\u00e9 sur les activit\u00e9s de l&rsquo;Utilisateur.<\/p>\n\n\n\n<p>Toute utilisation, reproduction, diffusion, commercialisation, modification de toute ou partie du Site\ufeff, sans autorisation expresse de l\u2019Editeur est prohib\u00e9e et pourra entra\u00eener des actions et poursuites judiciaires telles que pr\u00e9vues par la r\u00e8glementation en vigueur.<\/p>\n\n\n\n<p>Pour plus d&rsquo;informations en mati\u00e8re de cookies, se reporter \u00e0 la Charte en mati\u00e8re de cookies du site https:\/\/livres-erotisme.fr accessible \u00e0 la rubrique \u00ab\u00a0Cookies\u00a0\u00bb<\/p>\n","protected":false},"excerpt":{"rendered":"<p>En vigueur au 17\/01\/2025 Conform\u00e9ment aux dispositions de la loi n\u00b02004-575 du 21 juin 2004 pour la Confiance en l\u2019\u00e9conomie num\u00e9rique, il est port\u00e9 \u00e0 la connaissance des utilisateurs et visiteurs, ci-apr\u00e8s l&rsquo; \u00ab\u00a0Utilisateur\u00ab\u00a0, du site https:\/\/livres-erotisme.fr , ci-apr\u00e8s le \u00ab\u00a0Site\u00ab\u00a0, les pr\u00e9sentes mentions l\u00e9gales. La connexion et la navigation sur le Site par l\u2019Utilisateur &hellip; <\/p>\n","protected":false},"author":1,"featured_media":0,"parent":0,"menu_order":0,"comment_status":"closed","ping_status":"closed","template":"","meta":{"footnotes":""},"class_list":["post-249","page","type-page","status-publish","hentry","latest_post"],"yoast_head":"<!-- This site is optimized with the Yoast SEO plugin v24.2 - https:\/\/yoast.com\/wordpress\/plugins\/seo\/ -->\n<title>Mentions l\u00e9gales - Livres \u00e9rotiques BDSM<\/title>\n<meta name=\"robots\" content=\"index, follow, max-snippet:-1, max-image-preview:large, max-video-preview:-1\" \/>\n<link rel=\"canonical\" href=\"https:\/\/www.livres-erotisme.fr\/index.php\/mentions-legales\/\" \/>\n<meta property=\"og:locale\" content=\"fr_FR\" \/>\n<meta property=\"og:type\" content=\"article\" \/>\n<meta property=\"og:title\" content=\"Mentions l\u00e9gales - Livres \u00e9rotiques BDSM\" \/>\n<meta property=\"og:description\" content=\"En vigueur au 17\/01\/2025 Conform\u00e9ment aux dispositions de la loi n\u00b02004-575 du 21 juin 2004 pour la Confiance en l\u2019\u00e9conomie num\u00e9rique, il est port\u00e9 \u00e0 la connaissance des utilisateurs et visiteurs, ci-apr\u00e8s l&rsquo; \u00ab\u00a0Utilisateur\u00ab\u00a0, du site https:\/\/livres-erotisme.fr , ci-apr\u00e8s le \u00ab\u00a0Site\u00ab\u00a0, les pr\u00e9sentes mentions l\u00e9gales. La connexion et la navigation sur le Site par l\u2019Utilisateur &hellip;\" \/>\n<meta property=\"og:url\" content=\"https:\/\/www.livres-erotisme.fr\/index.php\/mentions-legales\/\" \/>\n<meta property=\"og:site_name\" content=\"Livres \u00e9rotiques BDSM\" \/>\n<meta property=\"article:modified_time\" content=\"2025-01-17T08:09:37+00:00\" \/>\n<meta name=\"twitter:card\" content=\"summary_large_image\" \/>\n<meta name=\"twitter:label1\" content=\"Dur\u00e9e de lecture estim\u00e9e\" \/>\n\t<meta name=\"twitter:data1\" content=\"2 minutes\" \/>\n<script type=\"application\/ld+json\" class=\"yoast-schema-graph\">{\"@context\":\"https:\/\/schema.org\",\"@graph\":[{\"@type\":\"WebPage\",\"@id\":\"https:\/\/www.livres-erotisme.fr\/index.php\/mentions-legales\/\",\"url\":\"https:\/\/www.livres-erotisme.fr\/index.php\/mentions-legales\/\",\"name\":\"Mentions l\u00e9gales - Livres \u00e9rotiques BDSM\",\"isPartOf\":{\"@id\":\"https:\/\/www.livres-erotisme.fr\/#website\"},\"datePublished\":\"2025-01-17T08:09:36+00:00\",\"dateModified\":\"2025-01-17T08:09:37+00:00\",\"breadcrumb\":{\"@id\":\"https:\/\/www.livres-erotisme.fr\/index.php\/mentions-legales\/#breadcrumb\"},\"inLanguage\":\"fr-FR\",\"potentialAction\":[{\"@type\":\"ReadAction\",\"target\":[\"https:\/\/www.livres-erotisme.fr\/index.php\/mentions-legales\/\"]}]},{\"@type\":\"BreadcrumbList\",\"@id\":\"https:\/\/www.livres-erotisme.fr\/index.php\/mentions-legales\/#breadcrumb\",\"itemListElement\":[{\"@type\":\"ListItem\",\"position\":1,\"name\":\"Accueil\",\"item\":\"https:\/\/www.livres-erotisme.fr\/\"},{\"@type\":\"ListItem\",\"position\":2,\"name\":\"Mentions l\u00e9gales\"}]},{\"@type\":\"WebSite\",\"@id\":\"https:\/\/www.livres-erotisme.fr\/#website\",\"url\":\"https:\/\/www.livres-erotisme.fr\/\",\"name\":\"Livres \u00e9rotiques BDSM\",\"description\":\"par Brune Monroe\",\"publisher\":{\"@id\":\"https:\/\/www.livres-erotisme.fr\/#\/schema\/person\/cb302599bc2ade51d8664954b89e538d\"},\"potentialAction\":[{\"@type\":\"SearchAction\",\"target\":{\"@type\":\"EntryPoint\",\"urlTemplate\":\"https:\/\/www.livres-erotisme.fr\/?s={search_term_string}\"},\"query-input\":{\"@type\":\"PropertyValueSpecification\",\"valueRequired\":true,\"valueName\":\"search_term_string\"}}],\"inLanguage\":\"fr-FR\"},{\"@type\":[\"Person\",\"Organization\"],\"@id\":\"https:\/\/www.livres-erotisme.fr\/#\/schema\/person\/cb302599bc2ade51d8664954b89e538d\",\"name\":\"Brune Monroe\",\"image\":{\"@type\":\"ImageObject\",\"inLanguage\":\"fr-FR\",\"@id\":\"https:\/\/www.livres-erotisme.fr\/#\/schema\/person\/image\/\",\"url\":\"http:\/\/www.livres-erotisme.fr\/wp-content\/uploads\/2025\/01\/brune-monroe-photo-autrice-BDSM-erostisme.jpg\",\"contentUrl\":\"http:\/\/www.livres-erotisme.fr\/wp-content\/uploads\/2025\/01\/brune-monroe-photo-autrice-BDSM-erostisme.jpg\",\"width\":618,\"height\":618,\"caption\":\"Brune Monroe\"},\"logo\":{\"@id\":\"https:\/\/www.livres-erotisme.fr\/#\/schema\/person\/image\/\"},\"description\":\"Vers\u00e9e dans les pratiques artistiques, Brune Monroe s\u2019est orient\u00e9e tr\u00e8s jeune vers le graphisme dont elle a fait son m\u00e9tier. En parall\u00e8le, elle a toujours entretenu un go\u00fbt prononc\u00e9 pour la litt\u00e9rature, et pour les romances en particulier. Apr\u00e8s avoir \u00e9crit pendant plus de 10 ans sur son blog cuisine, elle pimente d\u00e9sormais des fiction. La premi\u00e8re d\u2019entres elles, \u00ab \u00c0 genoux \u00bb est publi\u00e9e pour la premi\u00e8re fois sur le compte Wattpad de Brune Monroe en 2023 . Elle a conquis plusieurs dizaines de milliers de lecteurs avertis, comptabilisant plus d\u2019un million de vues, avant que Brune d\u00e9cide de le publier en auto-\u00e9dition sur liseuse num\u00e9riques Kindle et Kobo. Trentenaire \u00e9panouie, Brune r\u00e9dige actuellement son troisi\u00e8me roman que vous pouvez retrouver sur son compte Wattpad.\",\"sameAs\":[\"http:\/\/www.livres-erotisme.fr\"]}]}<\/script>\n<!-- \/ Yoast SEO plugin. -->","yoast_head_json":{"title":"Mentions l\u00e9gales - Livres \u00e9rotiques BDSM","robots":{"index":"index","follow":"follow","max-snippet":"max-snippet:-1","max-image-preview":"max-image-preview:large","max-video-preview":"max-video-preview:-1"},"canonical":"https:\/\/www.livres-erotisme.fr\/index.php\/mentions-legales\/","og_locale":"fr_FR","og_type":"article","og_title":"Mentions l\u00e9gales - Livres \u00e9rotiques BDSM","og_description":"En vigueur au 17\/01\/2025 Conform\u00e9ment aux dispositions de la loi n\u00b02004-575 du 21 juin 2004 pour la Confiance en l\u2019\u00e9conomie num\u00e9rique, il est port\u00e9 \u00e0 la connaissance des utilisateurs et visiteurs, ci-apr\u00e8s l&rsquo; \u00ab\u00a0Utilisateur\u00ab\u00a0, du site https:\/\/livres-erotisme.fr , ci-apr\u00e8s le \u00ab\u00a0Site\u00ab\u00a0, les pr\u00e9sentes mentions l\u00e9gales. La connexion et la navigation sur le Site par l\u2019Utilisateur &hellip;","og_url":"https:\/\/www.livres-erotisme.fr\/index.php\/mentions-legales\/","og_site_name":"Livres \u00e9rotiques BDSM","article_modified_time":"2025-01-17T08:09:37+00:00","twitter_card":"summary_large_image","twitter_misc":{"Dur\u00e9e de lecture estim\u00e9e":"2 minutes"},"schema":{"@context":"https:\/\/schema.org","@graph":[{"@type":"WebPage","@id":"https:\/\/www.livres-erotisme.fr\/index.php\/mentions-legales\/","url":"https:\/\/www.livres-erotisme.fr\/index.php\/mentions-legales\/","name":"Mentions l\u00e9gales - Livres \u00e9rotiques BDSM","isPartOf":{"@id":"https:\/\/www.livres-erotisme.fr\/#website"},"datePublished":"2025-01-17T08:09:36+00:00","dateModified":"2025-01-17T08:09:37+00:00","breadcrumb":{"@id":"https:\/\/www.livres-erotisme.fr\/index.php\/mentions-legales\/#breadcrumb"},"inLanguage":"fr-FR","potentialAction":[{"@type":"ReadAction","target":["https:\/\/www.livres-erotisme.fr\/index.php\/mentions-legales\/"]}]},{"@type":"BreadcrumbList","@id":"https:\/\/www.livres-erotisme.fr\/index.php\/mentions-legales\/#breadcrumb","itemListElement":[{"@type":"ListItem","position":1,"name":"Accueil","item":"https:\/\/www.livres-erotisme.fr\/"},{"@type":"ListItem","position":2,"name":"Mentions l\u00e9gales"}]},{"@type":"WebSite","@id":"https:\/\/www.livres-erotisme.fr\/#website","url":"https:\/\/www.livres-erotisme.fr\/","name":"Livres \u00e9rotiques BDSM","description":"par Brune Monroe","publisher":{"@id":"https:\/\/www.livres-erotisme.fr\/#\/schema\/person\/cb302599bc2ade51d8664954b89e538d"},"potentialAction":[{"@type":"SearchAction","target":{"@type":"EntryPoint","urlTemplate":"https:\/\/www.livres-erotisme.fr\/?s={search_term_string}"},"query-input":{"@type":"PropertyValueSpecification","valueRequired":true,"valueName":"search_term_string"}}],"inLanguage":"fr-FR"},{"@type":["Person","Organization"],"@id":"https:\/\/www.livres-erotisme.fr\/#\/schema\/person\/cb302599bc2ade51d8664954b89e538d","name":"Brune Monroe","image":{"@type":"ImageObject","inLanguage":"fr-FR","@id":"https:\/\/www.livres-erotisme.fr\/#\/schema\/person\/image\/","url":"http:\/\/www.livres-erotisme.fr\/wp-content\/uploads\/2025\/01\/brune-monroe-photo-autrice-BDSM-erostisme.jpg","contentUrl":"http:\/\/www.livres-erotisme.fr\/wp-content\/uploads\/2025\/01\/brune-monroe-photo-autrice-BDSM-erostisme.jpg","width":618,"height":618,"caption":"Brune Monroe"},"logo":{"@id":"https:\/\/www.livres-erotisme.fr\/#\/schema\/person\/image\/"},"description":"Vers\u00e9e dans les pratiques artistiques, Brune Monroe s\u2019est orient\u00e9e tr\u00e8s jeune vers le graphisme dont elle a fait son m\u00e9tier. En parall\u00e8le, elle a toujours entretenu un go\u00fbt prononc\u00e9 pour la litt\u00e9rature, et pour les romances en particulier. Apr\u00e8s avoir \u00e9crit pendant plus de 10 ans sur son blog cuisine, elle pimente d\u00e9sormais des fiction. La premi\u00e8re d\u2019entres elles, \u00ab \u00c0 genoux \u00bb est publi\u00e9e pour la premi\u00e8re fois sur le compte Wattpad de Brune Monroe en 2023 . Elle a conquis plusieurs dizaines de milliers de lecteurs avertis, comptabilisant plus d\u2019un million de vues, avant que Brune d\u00e9cide de le publier en auto-\u00e9dition sur liseuse num\u00e9riques Kindle et Kobo. Trentenaire \u00e9panouie, Brune r\u00e9dige actuellement son troisi\u00e8me roman que vous pouvez retrouver sur son compte Wattpad.","sameAs":["http:\/\/www.livres-erotisme.fr"]}]}},"_links":{"self":[{"href":"https:\/\/www.livres-erotisme.fr\/index.php\/wp-json\/wp\/v2\/pages\/249","targetHints":{"allow":["GET"]}}],"collection":[{"href":"https:\/\/www.livres-erotisme.fr\/index.php\/wp-json\/wp\/v2\/pages"}],"about":[{"href":"https:\/\/www.livres-erotisme.fr\/index.php\/wp-json\/wp\/v2\/types\/page"}],"author":[{"embeddable":true,"href":"https:\/\/www.livres-erotisme.fr\/index.php\/wp-json\/wp\/v2\/users\/1"}],"replies":[{"embeddable":true,"href":"https:\/\/www.livres-erotisme.fr\/index.php\/wp-json\/wp\/v2\/comments?post=249"}],"version-history":[{"count":1,"href":"https:\/\/www.livres-erotisme.fr\/index.php\/wp-json\/wp\/v2\/pages\/249\/revisions"}],"predecessor-version":[{"id":251,"href":"https:\/\/www.livres-erotisme.fr\/index.php\/wp-json\/wp\/v2\/pages\/249\/revisions\/251"}],"wp:attachment":[{"href":"https:\/\/www.livres-erotisme.fr\/index.php\/wp-json\/wp\/v2\/media?parent=249"}],"curies":[{"name":"wp","href":"https:\/\/api.w.org\/{rel}","templated":true}]}}